{"id":50,"date":"2016-08-03T15:29:13","date_gmt":"2016-08-03T13:29:13","guid":{"rendered":"http:\/\/derichs.de\/?page_id=50"},"modified":"2018-03-08T11:42:10","modified_gmt":"2018-03-08T10:42:10","slug":"silos","status":"publish","type":"page","link":"https:\/\/derichs.de\/en\/produkte\/lagern\/silos\/","title":{"rendered":"Silos"},"content":{"rendered":"","protected":false},"excerpt":{"rendered":"","protected":false},"author":1,"featured_media":0,"parent":24,"menu_order":0,"comment_status":"closed","ping_status":"closed","template":"page-produkte_ebene3.php","meta":{"_acf_changed":false,"footnotes":""},"class_list":["post-50","page","type-page","status-publish","hentry"],"translation":{"provider":"WPGlobus","version":"3.0.2","language":"en","enabled_languages":["de","en"],"languages":{"de":{"title":true,"content":false,"excerpt":false},"en":{"title":true,"content":false,"excerpt":false}}},"acf":[],"yoast_head":"<!-- This site is optimized with the Yoast SEO Premium plugin v23.8 (Yoast SEO v27.3) - https:\/\/yoast.com\/product\/yoast-seo-premium-wordpress\/ -->\n<title>Silos - Derichs<\/title>\n<meta name=\"robots\" content=\"index, follow, max-snippet:-1, max-image-preview:large, max-video-preview:-1\" \/>\n<link rel=\"canonical\" href=\"https:\/\/derichs.de\/en\/produkte\/lagern\/silos\/\" \/>\n<meta property=\"og:locale\" content=\"en_US\" \/>\n<meta property=\"og:type\" content=\"article\" \/>\n<meta property=\"og:title\" content=\"Silos - Derichs\" \/>\n<meta property=\"og:url\" content=\"https:\/\/derichs.de\/en\/produkte\/lagern\/silos\/\" \/>\n<meta property=\"og:site_name\" content=\"Derichs\" \/>\n<meta property=\"article:modified_time\" content=\"2018-03-08T10:42:10+00:00\" \/>\n<meta name=\"twitter:card\" content=\"summary_large_image\" \/>\n<script type=\"application\/ld+json\" class=\"yoast-schema-graph\">{\"@context\":\"https:\\\/\\\/schema.org\",\"@graph\":[{\"@type\":\"WebPage\",\"@id\":\"https:\\\/\\\/derichs.de\\\/en\\\/produkte\\\/lagern\\\/silos\\\/\",\"url\":\"https:\\\/\\\/derichs.de\\\/en\\\/produkte\\\/lagern\\\/silos\\\/\",\"name\":\"Silos - Derichs\",\"isPartOf\":{\"@id\":\"https:\\\/\\\/derichs.de\\\/#website\"},\"datePublished\":\"2016-08-03T13:29:13+00:00\",\"dateModified\":\"2018-03-08T10:42:10+00:00\",\"description\":\"Wirtschaftliche Lagerung von Sch\u00fcttg\u00fctern. Das bieten die Silos und Siloanlagen f\u00fcr Sch\u00fcttg\u00fcter von Derichs. Kundenindividuell geplant und an Ihre Anforderungen angepasst.\",\"breadcrumb\":{\"@id\":\"https:\\\/\\\/derichs.de\\\/en\\\/produkte\\\/lagern\\\/silos\\\/#breadcrumb\"},\"inLanguage\":\"en-US\",\"potentialAction\":[{\"@type\":\"ReadAction\",\"target\":[\"https:\\\/\\\/derichs.de\\\/en\\\/produkte\\\/lagern\\\/silos\\\/\"]}]},{\"@type\":\"BreadcrumbList\",\"@id\":\"https:\\\/\\\/derichs.de\\\/en\\\/produkte\\\/lagern\\\/silos\\\/#breadcrumb\",\"itemListElement\":[{\"@type\":\"ListItem\",\"position\":1,\"name\":\"Startseite\",\"item\":\"https:\\\/\\\/derichs.de\\\/\"},{\"@type\":\"ListItem\",\"position\":2,\"name\":\"Produkte\",\"item\":\"https:\\\/\\\/derichs.de\\\/produkte\\\/\"},{\"@type\":\"ListItem\",\"position\":3,\"name\":\"Storing\",\"item\":\"https:\\\/\\\/derichs.de\\\/en\\\/produkte\\\/lagern\\\/\"},{\"@type\":\"ListItem\",\"position\":4,\"name\":\"Silos\"}]},{\"@type\":\"WebSite\",\"@id\":\"https:\\\/\\\/derichs.de\\\/#website\",\"url\":\"https:\\\/\\\/derichs.de\\\/\",\"name\":\"Derichs\",\"description\":\"Machines and systems for bulk materials\",\"publisher\":{\"@id\":\"https:\\\/\\\/derichs.de\\\/#organization\"},\"potentialAction\":[{\"@type\":\"SearchAction\",\"target\":{\"@type\":\"EntryPoint\",\"urlTemplate\":\"https:\\\/\\\/derichs.de\\\/?s={search_term_string}\"},\"query-input\":{\"@type\":\"PropertyValueSpecification\",\"valueRequired\":true,\"valueName\":\"search_term_string\"}}],\"inLanguage\":\"en-US\"},{\"@type\":\"Organization\",\"@id\":\"https:\\\/\\\/derichs.de\\\/#organization\",\"name\":\"Derichs GmbH Verfahrenstechnik\",\"url\":\"https:\\\/\\\/derichs.de\\\/\",\"logo\":{\"@type\":\"ImageObject\",\"inLanguage\":\"en-US\",\"@id\":\"https:\\\/\\\/derichs.de\\\/#\\\/schema\\\/logo\\\/image\\\/\",\"url\":\"https:\\\/\\\/derichs.de\\\/wp-content\\\/uploads\\\/2017\\\/03\\\/derichs-logo_klein.png\",\"contentUrl\":\"https:\\\/\\\/derichs.de\\\/wp-content\\\/uploads\\\/2017\\\/03\\\/derichs-logo_klein.png\",\"width\":300,\"height\":68,\"caption\":\"Derichs GmbH Verfahrenstechnik\"},\"image\":{\"@id\":\"https:\\\/\\\/derichs.de\\\/#\\\/schema\\\/logo\\\/image\\\/\"}}]}<\/script>\n<!-- \/ Yoast SEO Premium plugin. -->","yoast_head_json":{"title":"Silos - Derichs","robots":{"index":"index","follow":"follow","max-snippet":"max-snippet:-1","max-image-preview":"max-image-preview:large","max-video-preview":"max-video-preview:-1"},"canonical":"https:\/\/derichs.de\/en\/produkte\/lagern\/silos\/","og_locale":"en_US","og_type":"article","og_title":"Silos - Derichs","og_url":"https:\/\/derichs.de\/en\/produkte\/lagern\/silos\/","og_site_name":"Derichs","article_modified_time":"2018-03-08T10:42:10+00:00","twitter_card":"summary_large_image","schema":{"@context":"https:\/\/schema.org","@graph":[{"@type":"WebPage","@id":"https:\/\/derichs.de\/en\/produkte\/lagern\/silos\/","url":"https:\/\/derichs.de\/en\/produkte\/lagern\/silos\/","name":"Silos - Derichs","isPartOf":{"@id":"https:\/\/derichs.de\/#website"},"datePublished":"2016-08-03T13:29:13+00:00","dateModified":"2018-03-08T10:42:10+00:00","description":"Wirtschaftliche Lagerung von Sch\u00fcttg\u00fctern. Das bieten die Silos und Siloanlagen f\u00fcr Sch\u00fcttg\u00fcter von Derichs. Kundenindividuell geplant und an Ihre Anforderungen angepasst.","breadcrumb":{"@id":"https:\/\/derichs.de\/en\/produkte\/lagern\/silos\/#breadcrumb"},"inLanguage":"en-US","potentialAction":[{"@type":"ReadAction","target":["https:\/\/derichs.de\/en\/produkte\/lagern\/silos\/"]}]},{"@type":"BreadcrumbList","@id":"https:\/\/derichs.de\/en\/produkte\/lagern\/silos\/#breadcrumb","itemListElement":[{"@type":"ListItem","position":1,"name":"Startseite","item":"https:\/\/derichs.de\/"},{"@type":"ListItem","position":2,"name":"Produkte","item":"https:\/\/derichs.de\/produkte\/"},{"@type":"ListItem","position":3,"name":"Storing","item":"https:\/\/derichs.de\/en\/produkte\/lagern\/"},{"@type":"ListItem","position":4,"name":"Silos"}]},{"@type":"WebSite","@id":"https:\/\/derichs.de\/#website","url":"https:\/\/derichs.de\/","name":"Derichs","description":"Machines and systems for bulk materials","publisher":{"@id":"https:\/\/derichs.de\/#organization"},"potentialAction":[{"@type":"SearchAction","target":{"@type":"EntryPoint","urlTemplate":"https:\/\/derichs.de\/?s={search_term_string}"},"query-input":{"@type":"PropertyValueSpecification","valueRequired":true,"valueName":"search_term_string"}}],"inLanguage":"en-US"},{"@type":"Organization","@id":"https:\/\/derichs.de\/#organization","name":"Derichs GmbH Verfahrenstechnik","url":"https:\/\/derichs.de\/","logo":{"@type":"ImageObject","inLanguage":"en-US","@id":"https:\/\/derichs.de\/#\/schema\/logo\/image\/","url":"https:\/\/derichs.de\/wp-content\/uploads\/2017\/03\/derichs-logo_klein.png","contentUrl":"https:\/\/derichs.de\/wp-content\/uploads\/2017\/03\/derichs-logo_klein.png","width":300,"height":68,"caption":"Derichs GmbH Verfahrenstechnik"},"image":{"@id":"https:\/\/derichs.de\/#\/schema\/logo\/image\/"}}]}},"publishpress_future_action":{"enabled":false,"date":"2026-04-18 03:09:28","action":"change-status","newStatus":"draft","terms":[],"taxonomy":"","extraData":[]},"publishpress_future_workflow_manual_trigger":{"enabledWorkflows":[]},"_links":{"self":[{"href":"https:\/\/derichs.de\/en\/wp-json\/wp\/v2\/pages\/50","targetHints":{"allow":["GET"]}}],"collection":[{"href":"https:\/\/derichs.de\/en\/wp-json\/wp\/v2\/pages"}],"about":[{"href":"https:\/\/derichs.de\/en\/wp-json\/wp\/v2\/types\/page"}],"author":[{"embeddable":true,"href":"https:\/\/derichs.de\/en\/wp-json\/wp\/v2\/users\/1"}],"replies":[{"embeddable":true,"href":"https:\/\/derichs.de\/en\/wp-json\/wp\/v2\/comments?post=50"}],"version-history":[{"count":0,"href":"https:\/\/derichs.de\/en\/wp-json\/wp\/v2\/pages\/50\/revisions"}],"up":[{"embeddable":true,"href":"https:\/\/derichs.de\/en\/wp-json\/wp\/v2\/pages\/24"}],"wp:attachment":[{"href":"https:\/\/derichs.de\/en\/wp-json\/wp\/v2\/media?parent=50"}],"curies":[{"name":"wp","href":"https:\/\/api.w.org\/{rel}","templated":true}]}}