{"id":427,"date":"2016-09-23T14:40:10","date_gmt":"2016-09-23T12:40:10","guid":{"rendered":"http:\/\/derichs.de\/?page_id=427"},"modified":"2018-09-28T13:45:10","modified_gmt":"2018-09-28T11:45:10","slug":"technikum","status":"publish","type":"page","link":"https:\/\/derichs.de\/en\/leistungen\/technikum\/","title":{"rendered":"Test facility"},"content":{"rendered":"<div class=\"wpb-content-wrapper\"><p>[vc_row css=&#8221;.vc_custom_1477149900061{margin-bottom: 3% !important;}&#8221;][vc_column][vc_column_text]<\/p>\n<h1>Test facility<\/h1>\n<h3>An ounce of practice is worth a pound of theory<\/h3>\n<p>[\/vc_column_text][vc_column_text]We offer the opportunity to test new processes and products individually in our specially equipped rooms, independently of your own production processes.<\/p>\n<p>In our test facility we determine the bulk material-specific properties of your product.<\/p>\n<p>We test your products on our components for your future plant.<\/p>\n<p>In our test and demonstration centre we establish the specification of your product. We test the process and the components of your future plant.<\/p>\n<h5>The following experiments are possible:<\/h5>\n<ul>\n<li>pneumatic conveying until 200 m (pressure conveying, suction conveying, dense phase conveying)<\/li>\n<li>gravimetric and volumetric dosing<\/li>\n<li>batchwise and continuous mixing<\/li>\n<li>Determination of the discharge behavior of big bags and bags<\/li>\n<li>Screening with centrifugal sifter<\/li>\n<li>Product crushing with sieve and lump crusher<\/li>\n<li>Individual test setups in consultation<\/li>\n<\/ul>\n<p>During these tests at industrial size you\u2019ll see before, how your plant will perform.[\/vc_column_text][\/vc_column][\/vc_row]<\/p>\n<\/div>","protected":false},"excerpt":{"rendered":"<p>[vc_row css=&#8221;.vc_custom_1477149900061{margin-bottom: 3% !important;}&#8221;][vc_column][vc_column_text] Test facility An ounce of practice is worth a pound of theory [\/vc_column_text][vc_column_text]We offer the opportunity to test new processes and products individually in our specially equipped rooms, independently of your own production processes. In our&#8230;<\/p>\n","protected":false},"author":1,"featured_media":316,"parent":484,"menu_order":0,"comment_status":"closed","ping_status":"closed","template":"","meta":{"_acf_changed":false,"footnotes":""},"class_list":["post-427","page","type-page","status-publish","has-post-thumbnail","hentry"],"translation":{"provider":"WPGlobus","version":"3.0.2","language":"en","enabled_languages":["de","en"],"languages":{"de":{"title":true,"content":true,"excerpt":false},"en":{"title":true,"content":true,"excerpt":false}}},"acf":[],"yoast_head":"<!-- This site is optimized with the Yoast SEO Premium plugin v23.8 (Yoast SEO v27.3) - https:\/\/yoast.com\/product\/yoast-seo-premium-wordpress\/ -->\n<title>Test facility - Derichs<\/title>\n<meta name=\"robots\" content=\"index, follow, max-snippet:-1, max-image-preview:large, max-video-preview:-1\" \/>\n<link rel=\"canonical\" href=\"https:\/\/derichs.de\/leistungen\/technikum\/\" \/>\n<meta property=\"og:locale\" content=\"en_US\" \/>\n<meta property=\"og:type\" content=\"article\" \/>\n<meta property=\"og:title\" content=\"Test facility - Derichs\" \/>\n<meta property=\"og:url\" content=\"https:\/\/derichs.de\/leistungen\/technikum\/\" \/>\n<meta property=\"og:site_name\" content=\"Derichs\" \/>\n<meta property=\"article:modified_time\" content=\"2018-09-28T11:45:10+00:00\" \/>\n<meta property=\"og:image\" content=\"https:\/\/derichs.de\/wp-content\/uploads\/2016\/08\/home-slider-19A1535-Bearbeitet.jpg\" \/>\n\t<meta property=\"og:image:width\" content=\"3840\" \/>\n\t<meta property=\"og:image:height\" content=\"2160\" \/>\n\t<meta property=\"og:image:type\" content=\"image\/jpeg\" \/>\n<meta name=\"twitter:card\" content=\"summary_large_image\" \/>\n<meta name=\"twitter:label1\" content=\"Est. reading time\" \/>\n\t<meta name=\"twitter:data1\" content=\"3 minutes\" \/>\n<script type=\"application\/ld+json\" class=\"yoast-schema-graph\">{\"@context\":\"https:\\\/\\\/schema.org\",\"@graph\":[{\"@type\":\"WebPage\",\"@id\":\"https:\\\/\\\/derichs.de\\\/leistungen\\\/technikum\\\/\",\"url\":\"https:\\\/\\\/derichs.de\\\/leistungen\\\/technikum\\\/\",\"name\":\"Test facility - Derichs\",\"isPartOf\":{\"@id\":\"https:\\\/\\\/derichs.de\\\/#website\"},\"primaryImageOfPage\":{\"@id\":\"https:\\\/\\\/derichs.de\\\/leistungen\\\/technikum\\\/#primaryimage\"},\"image\":{\"@id\":\"https:\\\/\\\/derichs.de\\\/leistungen\\\/technikum\\\/#primaryimage\"},\"thumbnailUrl\":\"https:\\\/\\\/derichs.de\\\/wp-content\\\/uploads\\\/2016\\\/08\\\/home-slider-19A1535-Bearbeitet.jpg\",\"datePublished\":\"2016-09-23T12:40:10+00:00\",\"dateModified\":\"2018-09-28T11:45:10+00:00\",\"description\":\"In unserem Technikum bieten wir die M\u00f6glichkeit mit Ihren Sch\u00fcttg\u00fctern neue Prozesseunabh\u00e4ngig von den eigenen Produktionsabl\u00e4ufen zu testen.\",\"breadcrumb\":{\"@id\":\"https:\\\/\\\/derichs.de\\\/leistungen\\\/technikum\\\/#breadcrumb\"},\"inLanguage\":\"en-US\",\"potentialAction\":[{\"@type\":\"ReadAction\",\"target\":[\"https:\\\/\\\/derichs.de\\\/leistungen\\\/technikum\\\/\"]}]},{\"@type\":\"ImageObject\",\"inLanguage\":\"en-US\",\"@id\":\"https:\\\/\\\/derichs.de\\\/leistungen\\\/technikum\\\/#primaryimage\",\"url\":\"https:\\\/\\\/derichs.de\\\/wp-content\\\/uploads\\\/2016\\\/08\\\/home-slider-19A1535-Bearbeitet.jpg\",\"contentUrl\":\"https:\\\/\\\/derichs.de\\\/wp-content\\\/uploads\\\/2016\\\/08\\\/home-slider-19A1535-Bearbeitet.jpg\",\"width\":3840,\"height\":2160,\"caption\":\"Technikum der Derichs GmbH Verfahrenstechnik\"},{\"@type\":\"BreadcrumbList\",\"@id\":\"https:\\\/\\\/derichs.de\\\/leistungen\\\/technikum\\\/#breadcrumb\",\"itemListElement\":[{\"@type\":\"ListItem\",\"position\":1,\"name\":\"Startseite\",\"item\":\"https:\\\/\\\/derichs.de\\\/\"},{\"@type\":\"ListItem\",\"position\":2,\"name\":\"Leistungen\",\"item\":\"https:\\\/\\\/derichs.de\\\/leistungen\\\/\"},{\"@type\":\"ListItem\",\"position\":3,\"name\":\"Technikum\"}]},{\"@type\":\"WebSite\",\"@id\":\"https:\\\/\\\/derichs.de\\\/#website\",\"url\":\"https:\\\/\\\/derichs.de\\\/\",\"name\":\"Derichs\",\"description\":\"Machines and systems for bulk materials\",\"publisher\":{\"@id\":\"https:\\\/\\\/derichs.de\\\/#organization\"},\"potentialAction\":[{\"@type\":\"SearchAction\",\"target\":{\"@type\":\"EntryPoint\",\"urlTemplate\":\"https:\\\/\\\/derichs.de\\\/?s={search_term_string}\"},\"query-input\":{\"@type\":\"PropertyValueSpecification\",\"valueRequired\":true,\"valueName\":\"search_term_string\"}}],\"inLanguage\":\"en-US\"},{\"@type\":\"Organization\",\"@id\":\"https:\\\/\\\/derichs.de\\\/#organization\",\"name\":\"Derichs GmbH Verfahrenstechnik\",\"url\":\"https:\\\/\\\/derichs.de\\\/\",\"logo\":{\"@type\":\"ImageObject\",\"inLanguage\":\"en-US\",\"@id\":\"https:\\\/\\\/derichs.de\\\/#\\\/schema\\\/logo\\\/image\\\/\",\"url\":\"https:\\\/\\\/derichs.de\\\/wp-content\\\/uploads\\\/2017\\\/03\\\/derichs-logo_klein.png\",\"contentUrl\":\"https:\\\/\\\/derichs.de\\\/wp-content\\\/uploads\\\/2017\\\/03\\\/derichs-logo_klein.png\",\"width\":300,\"height\":68,\"caption\":\"Derichs GmbH Verfahrenstechnik\"},\"image\":{\"@id\":\"https:\\\/\\\/derichs.de\\\/#\\\/schema\\\/logo\\\/image\\\/\"}}]}<\/script>\n<!-- \/ Yoast SEO Premium plugin. -->","yoast_head_json":{"title":"Test facility - Derichs","robots":{"index":"index","follow":"follow","max-snippet":"max-snippet:-1","max-image-preview":"max-image-preview:large","max-video-preview":"max-video-preview:-1"},"canonical":"https:\/\/derichs.de\/leistungen\/technikum\/","og_locale":"en_US","og_type":"article","og_title":"Test facility - Derichs","og_url":"https:\/\/derichs.de\/leistungen\/technikum\/","og_site_name":"Derichs","article_modified_time":"2018-09-28T11:45:10+00:00","og_image":[{"width":3840,"height":2160,"url":"https:\/\/derichs.de\/wp-content\/uploads\/2016\/08\/home-slider-19A1535-Bearbeitet.jpg","type":"image\/jpeg"}],"twitter_card":"summary_large_image","twitter_misc":{"Est. reading time":"3 minutes"},"schema":{"@context":"https:\/\/schema.org","@graph":[{"@type":"WebPage","@id":"https:\/\/derichs.de\/leistungen\/technikum\/","url":"https:\/\/derichs.de\/leistungen\/technikum\/","name":"Test facility - Derichs","isPartOf":{"@id":"https:\/\/derichs.de\/#website"},"primaryImageOfPage":{"@id":"https:\/\/derichs.de\/leistungen\/technikum\/#primaryimage"},"image":{"@id":"https:\/\/derichs.de\/leistungen\/technikum\/#primaryimage"},"thumbnailUrl":"https:\/\/derichs.de\/wp-content\/uploads\/2016\/08\/home-slider-19A1535-Bearbeitet.jpg","datePublished":"2016-09-23T12:40:10+00:00","dateModified":"2018-09-28T11:45:10+00:00","description":"In unserem Technikum bieten wir die M\u00f6glichkeit mit Ihren Sch\u00fcttg\u00fctern neue Prozesseunabh\u00e4ngig von den eigenen Produktionsabl\u00e4ufen zu testen.","breadcrumb":{"@id":"https:\/\/derichs.de\/leistungen\/technikum\/#breadcrumb"},"inLanguage":"en-US","potentialAction":[{"@type":"ReadAction","target":["https:\/\/derichs.de\/leistungen\/technikum\/"]}]},{"@type":"ImageObject","inLanguage":"en-US","@id":"https:\/\/derichs.de\/leistungen\/technikum\/#primaryimage","url":"https:\/\/derichs.de\/wp-content\/uploads\/2016\/08\/home-slider-19A1535-Bearbeitet.jpg","contentUrl":"https:\/\/derichs.de\/wp-content\/uploads\/2016\/08\/home-slider-19A1535-Bearbeitet.jpg","width":3840,"height":2160,"caption":"Technikum der Derichs GmbH Verfahrenstechnik"},{"@type":"BreadcrumbList","@id":"https:\/\/derichs.de\/leistungen\/technikum\/#breadcrumb","itemListElement":[{"@type":"ListItem","position":1,"name":"Startseite","item":"https:\/\/derichs.de\/"},{"@type":"ListItem","position":2,"name":"Leistungen","item":"https:\/\/derichs.de\/leistungen\/"},{"@type":"ListItem","position":3,"name":"Technikum"}]},{"@type":"WebSite","@id":"https:\/\/derichs.de\/#website","url":"https:\/\/derichs.de\/","name":"Derichs","description":"Machines and systems for bulk materials","publisher":{"@id":"https:\/\/derichs.de\/#organization"},"potentialAction":[{"@type":"SearchAction","target":{"@type":"EntryPoint","urlTemplate":"https:\/\/derichs.de\/?s={search_term_string}"},"query-input":{"@type":"PropertyValueSpecification","valueRequired":true,"valueName":"search_term_string"}}],"inLanguage":"en-US"},{"@type":"Organization","@id":"https:\/\/derichs.de\/#organization","name":"Derichs GmbH Verfahrenstechnik","url":"https:\/\/derichs.de\/","logo":{"@type":"ImageObject","inLanguage":"en-US","@id":"https:\/\/derichs.de\/#\/schema\/logo\/image\/","url":"https:\/\/derichs.de\/wp-content\/uploads\/2017\/03\/derichs-logo_klein.png","contentUrl":"https:\/\/derichs.de\/wp-content\/uploads\/2017\/03\/derichs-logo_klein.png","width":300,"height":68,"caption":"Derichs GmbH Verfahrenstechnik"},"image":{"@id":"https:\/\/derichs.de\/#\/schema\/logo\/image\/"}}]}},"publishpress_future_action":{"enabled":false,"date":"2026-04-19 01:37:09","action":"change-status","newStatus":"draft","terms":[],"taxonomy":"","extraData":[]},"publishpress_future_workflow_manual_trigger":{"enabledWorkflows":[]},"_links":{"self":[{"href":"https:\/\/derichs.de\/en\/wp-json\/wp\/v2\/pages\/427","targetHints":{"allow":["GET"]}}],"collection":[{"href":"https:\/\/derichs.de\/en\/wp-json\/wp\/v2\/pages"}],"about":[{"href":"https:\/\/derichs.de\/en\/wp-json\/wp\/v2\/types\/page"}],"author":[{"embeddable":true,"href":"https:\/\/derichs.de\/en\/wp-json\/wp\/v2\/users\/1"}],"replies":[{"embeddable":true,"href":"https:\/\/derichs.de\/en\/wp-json\/wp\/v2\/comments?post=427"}],"version-history":[{"count":0,"href":"https:\/\/derichs.de\/en\/wp-json\/wp\/v2\/pages\/427\/revisions"}],"up":[{"embeddable":true,"href":"https:\/\/derichs.de\/en\/wp-json\/wp\/v2\/pages\/484"}],"wp:featuredmedia":[{"embeddable":true,"href":"https:\/\/derichs.de\/en\/wp-json\/wp\/v2\/media\/316"}],"wp:attachment":[{"href":"https:\/\/derichs.de\/en\/wp-json\/wp\/v2\/media?parent=427"}],"curies":[{"name":"wp","href":"https:\/\/api.w.org\/{rel}","templated":true}]}}